{"id":5869,"date":"2019-09-27T06:46:28","date_gmt":"2019-09-27T06:46:28","guid":{"rendered":"https:\/\/wilkeywhatwhat.com\/?page_id=5869"},"modified":"2021-01-15T03:36:04","modified_gmt":"2021-01-15T03:36:04","slug":"iceland","status":"publish","type":"page","link":"https:\/\/wilkeywhatwhat.com\/?page_id=5869","title":{"rendered":"Iceland"},"content":{"rendered":"<h1 style=\"text-align: center;\"><span style=\"color: #003366; font-family: 'comic sans ms', sans-serif;\"><strong><em>September 9th-September 23rd<\/em><\/strong><\/span><\/h1>\n<h2 style=\"text-align: center;\"><a href=\"https:\/\/www.google.com\/maps\/@64.1242279,-22.3698465,7z\/data=!3m1!4b1!4m2!6m1!1s1cIzfUrf0TrYhYI-TbFPAduCcfe9O6ZUo\"><span style=\"color: #ffcc99;\"><em><strong><span style=\"font-family: 'comic sans ms', sans-serif;\">Mapped<\/span><\/strong><\/em><\/span><\/a><\/h2>\n<h2 style=\"text-align: center;\"><a href=\"https:\/\/www.flickr.com\/photos\/16934959@N02\/albums\/72157711069429523\"><span style=\"color: #ffcc99;\"><strong><em><span style=\"font-family: 'comic sans ms', sans-serif;\">Pictures\/Digital <span style=\"font-size: 24pt;\">Exams<\/span><\/span><\/em><\/strong><\/span><\/a><\/h2>\n<p><img loading=\"lazy\" decoding=\"async\" class=\"aligncenter wp-image-5870\" src=\"https:\/\/wilkeywhatwhat.com\/wp-content\/uploads\/2019\/09\/20190909_213020-632x814.jpg\" alt=\"\" width=\"437\" height=\"563\" srcset=\"https:\/\/wilkeywhatwhat.com\/wp-content\/uploads\/2019\/09\/20190909_213020-632x814.jpg 632w, https:\/\/wilkeywhatwhat.com\/wp-content\/uploads\/2019\/09\/20190909_213020-768x989.jpg 768w, https:\/\/wilkeywhatwhat.com\/wp-content\/uploads\/2019\/09\/20190909_213020-1020x1313.jpg 1020w\" sizes=\"auto, (max-width: 437px) 100vw, 437px\" \/><\/p>\n<h1 style=\"text-align: center;\"><span style=\"color: #00ffff;\"><a style=\"color: #00ffff;\" href=\"https:\/\/www.thingvellir.is\/\"><span style=\"font-family: 'comic sans ms', sans-serif;\"><em><strong>T<\/strong><\/em><em><strong>hingvellir National Park<\/strong><\/em><\/span><\/a><\/span><\/h1>\n<h1 style=\"text-align: center;\"><span style=\"color: #00ffff;\"><a style=\"color: #00ffff;\" href=\"https:\/\/www.wikiwand.com\/en\/Geysir\"><span style=\"font-family: 'comic sans ms', sans-serif;\"><em><strong>Geysir<\/strong><\/em><\/span><\/a><\/span><\/h1>\n<h1 style=\"text-align: center;\"><span style=\"color: #00ffff;\"><a style=\"color: #00ffff;\" href=\"https:\/\/www.wikiwand.com\/en\/Gullfoss\"><span style=\"font-family: 'comic sans ms', sans-serif;\"><em><strong>Gullfoss<\/strong><\/em><\/span><\/a><\/span><\/h1>\n<h1 style=\"text-align: center;\"><span style=\"color: #00ffff;\"><em><strong><span style=\"font-family: 'comic sans ms', sans-serif;\"><a style=\"color: #00ffff;\" href=\"https:\/\/en.wikipedia.org\/wiki\/Keri%C3%B0\">Kerid Crater<\/a><\/span><\/strong><\/em><\/span><\/h1>\n<h1 style=\"text-align: center;\"><span style=\"color: #00ffff;\"><a style=\"color: #00ffff;\" href=\"http:\/\/artmuseum.is\/\"><span style=\"font-family: 'comic sans ms', sans-serif;\"><em><strong>Reykjav\u00edk Art Museum<\/strong><\/em><\/span><\/a><\/span><\/h1>\n<h1 style=\"text-align: center;\"><span style=\"font-family: 'comic sans ms', sans-serif; color: #00ffff;\"><em><strong><a style=\"color: #00ffff;\" href=\"http:\/\/borgarsogusafn.is\/en\/the-settlement-exhibition\">The Settlement Exhibition<\/a><\/strong><\/em><\/span><\/h1>\n<p style=\"text-align: center;\"><img loading=\"lazy\" decoding=\"async\" class=\"aligncenter wp-image-5903\" src=\"https:\/\/wilkeywhatwhat.com\/wp-content\/uploads\/2019\/09\/20190909_212626-632x816.jpg\" alt=\"\" width=\"315\" height=\"407\" srcset=\"https:\/\/wilkeywhatwhat.com\/wp-content\/uploads\/2019\/09\/20190909_212626-632x816.jpg 632w, https:\/\/wilkeywhatwhat.com\/wp-content\/uploads\/2019\/09\/20190909_212626-768x992.jpg 768w, https:\/\/wilkeywhatwhat.com\/wp-content\/uploads\/2019\/09\/20190909_212626-1020x1318.jpg 1020w\" sizes=\"auto, (max-width: 315px) 100vw, 315px\" \/><\/p>\n<h1 style=\"text-align: center;\"><span style=\"color: #00ffff;\"><a style=\"color: #00ffff;\" href=\"http:\/\/www.listasafn.is\/\"><span style=\"font-family: 'comic sans ms', sans-serif;\"><em><strong>The National Gallery of Iceland<\/strong><\/em><\/span><\/a><\/span><\/h1>\n<h1 style=\"text-align: center;\"><span style=\"color: #00ffff;\"><a style=\"color: #00ffff;\" href=\"http:\/\/www.lej.is\/\"><span style=\"font-family: 'comic sans ms', sans-serif;\"><em><strong>Einar J\u00f3nsson Sculpture garden and museum<\/strong><\/em><\/span><\/a><\/span><\/h1>\n<h1 style=\"text-align: center;\"><span style=\"color: #00ffff;\"><a style=\"color: #00ffff;\" href=\"https:\/\/en.wikipedia.org\/wiki\/Hallgr%C3%ADmskirkja\"><span style=\"font-family: 'comic sans ms', sans-serif;\"><em><strong>Hallgrimskirkja<\/strong><\/em><\/span><\/a><\/span><\/h1>\n<h1 style=\"text-align: center;\"><span style=\"color: #00ffff;\"><a style=\"color: #00ffff;\" href=\"https:\/\/www.whalesoficeland.is\/\"><span style=\"font-family: 'comic sans ms', sans-serif;\"><em><strong>Whales of Iceland<\/strong><\/em><\/span><\/a><\/span><\/h1>\n<h1 style=\"text-align: center;\"><span style=\"color: #00ffff;\"><a style=\"color: #00ffff;\" href=\"https:\/\/en.wikipedia.org\/wiki\/The_Sun_Voyager\"><span style=\"font-family: 'comic sans ms', sans-serif;\"><em><strong>Sun Voyager<\/strong><\/em><\/span><\/a><\/span><\/h1>\n<h1 style=\"text-align: center;\"><span style=\"color: #00ffff;\"><a style=\"color: #00ffff;\" href=\"https:\/\/guidetoiceland.is\/travel-iceland\/drive\/reynisfjara\"><span style=\"font-family: 'comic sans ms', sans-serif;\"><em><strong>Reynisfjara Beach<\/strong><\/em><\/span><\/a><\/span><\/h1>\n<p style=\"text-align: center;\"><img loading=\"lazy\" decoding=\"async\" class=\"aligncenter wp-image-5904\" src=\"https:\/\/wilkeywhatwhat.com\/wp-content\/uploads\/2019\/09\/20190914_185241-632x978.jpg\" alt=\"\" width=\"357\" height=\"554\" \/><\/p>\n<h1 style=\"text-align: center;\"><span style=\"font-family: 'comic sans ms', sans-serif; color: #00ffff;\"><em><strong><a style=\"color: #00ffff;\" href=\"https:\/\/www.visitreykjanes.is\/en\/inspiration\/towns\/town\/index\/place\/bridge-between-continents\">Bridge America &#8211; Europe<\/a><\/strong><\/em><\/span><\/h1>\n<h1 style=\"text-align: center;\"><span style=\"color: #00ffff;\"><a style=\"color: #00ffff;\" href=\"https:\/\/en.wikipedia.org\/wiki\/Hj%C3%A1lparfoss\"><span style=\"font-family: 'comic sans ms', sans-serif;\"><em><strong>Hj\u00e1lparfoss\u00a0<\/strong><\/em><\/span><\/a><\/span><\/h1>\n<h1 style=\"text-align: center;\"><span style=\"color: #00ffff;\"><a style=\"color: #00ffff;\" href=\"https:\/\/www.vikingworld.is\/\"><span style=\"font-family: 'comic sans ms', sans-serif;\"><em><strong>Viking World<\/strong><\/em><\/span><\/a><\/span><\/h1>\n<h1 style=\"text-align: center;\"><span style=\"color: #00ffff;\"><a style=\"color: #00ffff;\" href=\"http:\/\/www.secretlagoon.is\/\"><span style=\"font-family: 'comic sans ms', sans-serif;\"><em><strong>Secret Lagoon Hot Spring<\/strong><\/em><\/span><\/a><\/span><\/h1>\n<h1 style=\"text-align: center;\"><span style=\"color: #00ffff;\"><a style=\"color: #00ffff;\" href=\"http:\/\/www.fontana.is\/\"><span style=\"font-family: 'comic sans ms', sans-serif;\"><em><strong>Laugarvatn Fontana<\/strong><\/em><\/span><\/a><\/span><\/h1>\n<p style=\"text-align: center;\"><img loading=\"lazy\" decoding=\"async\" class=\"aligncenter wp-image-5905\" src=\"https:\/\/wilkeywhatwhat.com\/wp-content\/uploads\/2019\/09\/20190922_155416-632x764.jpg\" alt=\"\" width=\"369\" height=\"448\" \/><\/p>\n<h1 style=\"text-align: center;\"><span style=\"color: #00ffff;\"><a style=\"color: #00ffff;\" href=\"https:\/\/www.atlasobscura.com\/places\/krysuvikurbjarg-krysuvik-cliffs\"><span style=\"font-family: 'comic sans ms', sans-serif;\"><em><strong>Krisuvikurberg Cliffs<\/strong><\/em><\/span><\/a><\/span><\/h1>\n<h1 style=\"text-align: center;\"><span style=\"color: #00ffff;\"><a style=\"color: #00ffff;\" href=\"https:\/\/www.atlasobscura.com\/places\/us-navy-dc-3-wreckage\"><span style=\"font-family: 'comic sans ms', sans-serif;\"><em><strong>Solheimasandur Plane Wreck<\/strong><\/em><\/span><\/a><\/span><\/h1>\n<h1 style=\"text-align: center;\"><span style=\"color: #00ffff;\"><a style=\"color: #00ffff;\" href=\"https:\/\/www.theoutbound.com\/iceland\/hiking\/hike-to-reykjadalur-hot-springs\"><span style=\"font-family: 'comic sans ms', sans-serif;\"><em><strong>Reykjadalur Hot Spring Thermal River<\/strong><\/em><\/span><\/a><\/span><\/h1>\n<h1 style=\"text-align: center;\"><span style=\"font-family: 'comic sans ms', sans-serif; color: #00ffff;\"><em><strong><a style=\"color: #00ffff;\" href=\"https:\/\/www.airbnb.com\/things-to-do\/places\/2879776\">Grotta<\/a><\/strong><\/em><\/span><\/h1>\n<h1 style=\"text-align: center;\"><span style=\"color: #00ffff;\"><a style=\"color: #00ffff;\" href=\"https:\/\/juliejourneys.com\/2018\/10\/03\/grotta-lighthouse-kvika-footbath-in-reykjavik-iceland\/\"><span style=\"font-family: 'comic sans ms', sans-serif;\"><em><strong>Kvika footbath<\/strong><\/em><\/span><\/a><\/span><\/h1>\n<h1 style=\"text-align: center;\"><span style=\"color: #00ffff;\"><a style=\"color: #00ffff;\" href=\"https:\/\/en.wikipedia.org\/wiki\/Seljalandsfoss\"><span style=\"font-family: 'comic sans ms', sans-serif;\"><em><strong>Seljalandsfoss<\/strong><\/em><\/span><\/a><\/span><\/h1>\n<h1 style=\"text-align: center;\"><span style=\"color: #00ffff;\"><a style=\"color: #00ffff;\" href=\"https:\/\/de.wikipedia.org\/wiki\/Gullfoss\"><span style=\"font-family: 'comic sans ms', sans-serif;\"><em><strong>Sigr\u00ed\u00f0ur-Pfad\/ Gullfoss<\/strong><\/em><\/span><\/a><\/span><\/h1>\n<h1 style=\"text-align: center;\"><span style=\"color: #00ffff;\"><a style=\"color: #00ffff;\" href=\"https:\/\/en.wikipedia.org\/wiki\/Strokkur\"><span style=\"font-family: 'comic sans ms', sans-serif;\"><em><strong>Strokkur<\/strong><\/em><\/span><\/a><\/span><\/h1>\n<p><img loading=\"lazy\" decoding=\"async\" class=\"aligncenter wp-image-5906\" src=\"https:\/\/wilkeywhatwhat.com\/wp-content\/uploads\/2019\/09\/20190922_194121-632x804.jpg\" alt=\"\" width=\"371\" height=\"472\" srcset=\"https:\/\/wilkeywhatwhat.com\/wp-content\/uploads\/2019\/09\/20190922_194121-632x804.jpg 632w, https:\/\/wilkeywhatwhat.com\/wp-content\/uploads\/2019\/09\/20190922_194121-768x977.jpg 768w, https:\/\/wilkeywhatwhat.com\/wp-content\/uploads\/2019\/09\/20190922_194121-1020x1298.jpg 1020w\" sizes=\"auto, (max-width: 371px) 100vw, 371px\" \/><\/p>\n<h1 style=\"text-align: center;\"><span style=\"color: #00ffff;\"><a style=\"color: #00ffff;\" href=\"https:\/\/en.wikipedia.org\/wiki\/Urri%C3%B0afoss\"><span style=\"font-family: 'comic sans ms', sans-serif;\"><em><strong>Urri\u00f0afoss<\/strong><\/em><\/span><\/a><\/span><\/h1>\n<h1 style=\"text-align: center;\"><span style=\"font-family: 'comic sans ms', sans-serif; color: #00ffff;\"><em><strong><a style=\"color: #00ffff;\" href=\"https:\/\/www.atlasobscura.com\/places\/grave-of-bobby-fisher\">Bobby Fischer Grave<\/a><\/strong><\/em><\/span><\/h1>\n<h1 style=\"text-align: center;\"><span style=\"color: #00ffff;\"><a style=\"color: #00ffff;\" href=\"https:\/\/www.alltrails.com\/trail\/iceland\/southern\/reykjadalur-hot-spring-river-trail\"><span style=\"font-family: 'comic sans ms', sans-serif;\"><em><strong>Reykjadalur Hot Spring Thermal River<\/strong><\/em><\/span><\/a><\/span><\/h1>\n<h1 style=\"text-align: center;\"><span style=\"color: #00ffff;\"><a style=\"color: #00ffff;\" href=\"https:\/\/www.icelandicstreetfood.com\/\"><span style=\"font-family: 'comic sans ms', sans-serif;\"><em><strong>Icelandic Street Food<\/strong><\/em><\/span><\/a><\/span><\/h1>\n<h1 style=\"text-align: center;\"><span style=\"color: #00ffff;\"><a style=\"color: #00ffff;\" href=\"https:\/\/artmuseum.is\/asmundarsafn\"><span style=\"font-family: 'comic sans ms', sans-serif;\"><em><strong>Reykjav\u00edk Art Museum \u00c1smundarsafn<\/strong><\/em><\/span><\/a><\/span><\/h1>\n<h1 style=\"text-align: center;\"><span style=\"font-family: 'comic sans ms', sans-serif; color: #00ffff;\"><em><strong><a style=\"color: #00ffff;\" href=\"https:\/\/www.alltrails.com\/trail\/iceland\/southern\/bruarfoss-waterfall\">Bruarfoss Waterfall<\/a><\/strong><\/em><\/span><\/h1>\n<p style=\"text-align: center;\"><img loading=\"lazy\" decoding=\"async\" class=\"aligncenter wp-image-5907\" src=\"https:\/\/wilkeywhatwhat.com\/wp-content\/uploads\/2019\/09\/20190923_191808-632x669.jpg\" alt=\"\" width=\"299\" height=\"317\" srcset=\"https:\/\/wilkeywhatwhat.com\/wp-content\/uploads\/2019\/09\/20190923_191808-632x669.jpg 632w, https:\/\/wilkeywhatwhat.com\/wp-content\/uploads\/2019\/09\/20190923_191808-768x813.jpg 768w, https:\/\/wilkeywhatwhat.com\/wp-content\/uploads\/2019\/09\/20190923_191808-1020x1080.jpg 1020w\" sizes=\"auto, (max-width: 299px) 100vw, 299px\" \/><\/p>\n<h1 style=\"text-align: center;\"><span style=\"font-family: 'comic sans ms', sans-serif; color: #00ffff;\"><em><strong><a style=\"color: #00ffff;\" href=\"http:\/\/listasafn.reykjanesbaer.is\/\">Reykjanes Art Museum<\/a><\/strong><\/em><\/span><\/h1>\n<h1 style=\"text-align: center;\"><span style=\"color: #00ffff;\"><a style=\"color: #00ffff;\" href=\"https:\/\/www.reykjaneshofn.is\/is\/hafnarmannvirki\/grofin\/\"><span style=\"font-family: 'comic sans ms', sans-serif;\"><em><strong>Sm\u00e1b\u00e1tah\u00f6fnin \u00ed Keflav\u00edk<\/strong><\/em><\/span><\/a><\/span><\/h1>\n<h1 style=\"text-align: center;\"><span style=\"color: #00ffff;\"><a style=\"color: #00ffff;\" href=\"https:\/\/en.wikipedia.org\/wiki\/Gar%C3%B0ur\"><span style=\"font-family: 'comic sans ms', sans-serif;\"><em><strong>Gar\u00f0ur Old Lighthouse<\/strong><\/em><\/span><\/a><\/span><\/h1>\n<h1 style=\"text-align: center;\"><span style=\"font-family: 'comic sans ms', sans-serif; color: #00ffff;\"><em><strong><a style=\"color: #00ffff;\" href=\"https:\/\/www.youtube.com\/watch?v=VuR2hy690R8\">Hafnarberg &#8211; Sea-cliffs<\/a><\/strong><\/em><\/span><\/h1>\n","protected":false},"excerpt":{"rendered":"<p>September 9th-September 23rd Mapped Pictures\/Digital Exams Thingvellir National Park Geysir Gullfoss Kerid Crater Reykjav\u00edk Art Museum The Settlement Exhibition The National Gallery of Iceland Einar J\u00f3nsson Sculpture garden and museum Hallgrimskirkja Whales of Iceland Sun Voyager Reynisfjara Beach Bridge America &#8211; Europe Hj\u00e1lparfoss\u00a0 Viking World Secret Lagoon Hot Spring Laugarvatn Fontana Krisuvikurberg Cliffs Solheimasandur Plane [&hellip;]<\/p>\n","protected":false},"author":1,"featured_media":0,"parent":4964,"menu_order":7,"comment_status":"closed","ping_status":"closed","template":"template-fullwidth.php","meta":{"_crdt_document":"","footnotes":""},"class_list":["post-5869","page","type-page","status-publish","hentry"],"_links":{"self":[{"href":"https:\/\/wilkeywhatwhat.com\/index.php?rest_route=\/wp\/v2\/pages\/5869","targetHints":{"allow":["GET"]}}],"collection":[{"href":"https:\/\/wilkeywhatwhat.com\/index.php?rest_route=\/wp\/v2\/pages"}],"about":[{"href":"https:\/\/wilkeywhatwhat.com\/index.php?rest_route=\/wp\/v2\/types\/page"}],"author":[{"embeddable":true,"href":"https:\/\/wilkeywhatwhat.com\/index.php?rest_route=\/wp\/v2\/users\/1"}],"replies":[{"embeddable":true,"href":"https:\/\/wilkeywhatwhat.com\/index.php?rest_route=%2Fwp%2Fv2%2Fcomments&post=5869"}],"version-history":[{"count":39,"href":"https:\/\/wilkeywhatwhat.com\/index.php?rest_route=\/wp\/v2\/pages\/5869\/revisions"}],"predecessor-version":[{"id":5916,"href":"https:\/\/wilkeywhatwhat.com\/index.php?rest_route=\/wp\/v2\/pages\/5869\/revisions\/5916"}],"up":[{"embeddable":true,"href":"https:\/\/wilkeywhatwhat.com\/index.php?rest_route=\/wp\/v2\/pages\/4964"}],"wp:attachment":[{"href":"https:\/\/wilkeywhatwhat.com\/index.php?rest_route=%2Fwp%2Fv2%2Fmedia&parent=5869"}],"curies":[{"name":"wp","href":"https:\/\/api.w.org\/{rel}","templated":true}]}}